{"id":88,"date":"2020-05-28T12:33:05","date_gmt":"2020-05-28T12:33:05","guid":{"rendered":"http:\/\/hpwank.de\/?page_id=88"},"modified":"2020-06-01T12:46:16","modified_gmt":"2020-06-01T12:46:16","slug":"historie","status":"publish","type":"page","link":"https:\/\/hpwank.de\/?page_id=88","title":{"rendered":"HISTORIE"},"content":{"rendered":"\n<p>Nach seiner Ausbildung im graphischen Gewerbe von 1969 bis 1972 w\u00e4hlte der K\u00fcnstler, unter dem Einfluss intensiver Besch\u00e4ftigung mit der Schwarz-Wei\u00df-Fotografie an der Kamera und im Labor, zun\u00e4chst den Siebdruck als grafisches Druckverfahren, um seine Vorstellungen einer Bildsprache zu realisieren. Mit einfacher Siebdruck-Ausstattung z.B. stellte er damals Drucke (Postkarten, Plakate f\u00fcr lokale Rockbands) in kleinen Auflagen her. Im Sommer 1974 entwarf er f\u00fcr den Siebdruck einen Tierkreiszeichenkalender mit 12 fotografierten, stilisierten Motiven.<\/p>\n\n\n\n<div class=\"wp-container-1 wp-block-group\"><div class=\"wp-block-group__inner-container\">\n<figure class=\"wp-block-gallery columns-3 is-cropped\"><ul class=\"blocks-gallery-grid\"><li class=\"blocks-gallery-item\"><figure><img loading=\"lazy\" width=\"829\" height=\"1024\" src=\"http:\/\/hpwank.de\/wp-content\/uploads\/2020\/05\/kliff-1-829x1024.jpg\" alt=\"\" data-id=\"251\" class=\"wp-image-251\" srcset=\"https:\/\/hpwank.de\/wp-content\/uploads\/2020\/05\/kliff-1-829x1024.jpg 829w, https:\/\/hpwank.de\/wp-content\/uploads\/2020\/05\/kliff-1-243x300.jpg 243w, https:\/\/hpwank.de\/wp-content\/uploads\/2020\/05\/kliff-1-768x949.jpg 768w, https:\/\/hpwank.de\/wp-content\/uploads\/2020\/05\/kliff-1-1244x1536.jpg 1244w, https:\/\/hpwank.de\/wp-content\/uploads\/2020\/05\/kliff-1-1658x2048.jpg 1658w, https:\/\/hpwank.de\/wp-content\/uploads\/2020\/05\/kliff-1.jpg 2008w\" sizes=\"(max-width: 767px) 89vw, (max-width: 1000px) 54vw, (max-width: 1071px) 543px, 580px\" \/><\/figure><\/li><li class=\"blocks-gallery-item\"><figure><img loading=\"lazy\" width=\"829\" height=\"1024\" src=\"http:\/\/hpwank.de\/wp-content\/uploads\/2020\/05\/kliff-2-829x1024.jpg\" alt=\"\" data-id=\"252\" data-link=\"http:\/\/hpwank.de\/?attachment_id=252\" class=\"wp-image-252\" srcset=\"https:\/\/hpwank.de\/wp-content\/uploads\/2020\/05\/kliff-2-829x1024.jpg 829w, https:\/\/hpwank.de\/wp-content\/uploads\/2020\/05\/kliff-2-243x300.jpg 243w, https:\/\/hpwank.de\/wp-content\/uploads\/2020\/05\/kliff-2-768x949.jpg 768w, https:\/\/hpwank.de\/wp-content\/uploads\/2020\/05\/kliff-2-1244x1536.jpg 1244w, https:\/\/hpwank.de\/wp-content\/uploads\/2020\/05\/kliff-2-1658x2048.jpg 1658w, https:\/\/hpwank.de\/wp-content\/uploads\/2020\/05\/kliff-2.jpg 2008w\" sizes=\"(max-width: 767px) 89vw, (max-width: 1000px) 54vw, (max-width: 1071px) 543px, 580px\" \/><\/figure><\/li><li class=\"blocks-gallery-item\"><figure><img loading=\"lazy\" width=\"829\" height=\"1024\" src=\"http:\/\/hpwank.de\/wp-content\/uploads\/2020\/05\/kliff-4-829x1024.jpg\" alt=\"\" data-id=\"253\" data-link=\"http:\/\/hpwank.de\/?attachment_id=253\" class=\"wp-image-253\" srcset=\"https:\/\/hpwank.de\/wp-content\/uploads\/2020\/05\/kliff-4-829x1024.jpg 829w, https:\/\/hpwank.de\/wp-content\/uploads\/2020\/05\/kliff-4-243x300.jpg 243w, https:\/\/hpwank.de\/wp-content\/uploads\/2020\/05\/kliff-4-768x949.jpg 768w, https:\/\/hpwank.de\/wp-content\/uploads\/2020\/05\/kliff-4-1244x1536.jpg 1244w, https:\/\/hpwank.de\/wp-content\/uploads\/2020\/05\/kliff-4-1658x2048.jpg 1658w, https:\/\/hpwank.de\/wp-content\/uploads\/2020\/05\/kliff-4.jpg 2008w\" sizes=\"(max-width: 767px) 89vw, (max-width: 1000px) 54vw, (max-width: 1071px) 543px, 580px\" \/><\/figure><\/li><li class=\"blocks-gallery-item\"><figure><img loading=\"lazy\" width=\"829\" height=\"1024\" src=\"http:\/\/hpwank.de\/wp-content\/uploads\/2020\/05\/kliff-7-829x1024.jpg\" alt=\"\" data-id=\"254\" data-link=\"http:\/\/hpwank.de\/?attachment_id=254\" class=\"wp-image-254\" srcset=\"https:\/\/hpwank.de\/wp-content\/uploads\/2020\/05\/kliff-7-829x1024.jpg 829w, https:\/\/hpwank.de\/wp-content\/uploads\/2020\/05\/kliff-7-243x300.jpg 243w, https:\/\/hpwank.de\/wp-content\/uploads\/2020\/05\/kliff-7-768x949.jpg 768w, https:\/\/hpwank.de\/wp-content\/uploads\/2020\/05\/kliff-7-1244x1536.jpg 1244w, https:\/\/hpwank.de\/wp-content\/uploads\/2020\/05\/kliff-7-1658x2048.jpg 1658w, https:\/\/hpwank.de\/wp-content\/uploads\/2020\/05\/kliff-7.jpg 2008w\" sizes=\"(max-width: 767px) 89vw, (max-width: 1000px) 54vw, (max-width: 1071px) 543px, 580px\" \/><\/figure><\/li><li class=\"blocks-gallery-item\"><figure><img loading=\"lazy\" width=\"829\" height=\"1024\" src=\"http:\/\/hpwank.de\/wp-content\/uploads\/2020\/05\/kliff-6-829x1024.jpg\" alt=\"\" data-id=\"255\" data-link=\"http:\/\/hpwank.de\/?attachment_id=255\" class=\"wp-image-255\" srcset=\"https:\/\/hpwank.de\/wp-content\/uploads\/2020\/05\/kliff-6-829x1024.jpg 829w, https:\/\/hpwank.de\/wp-content\/uploads\/2020\/05\/kliff-6-243x300.jpg 243w, https:\/\/hpwank.de\/wp-content\/uploads\/2020\/05\/kliff-6-768x949.jpg 768w, https:\/\/hpwank.de\/wp-content\/uploads\/2020\/05\/kliff-6-1244x1536.jpg 1244w, https:\/\/hpwank.de\/wp-content\/uploads\/2020\/05\/kliff-6-1658x2048.jpg 1658w, https:\/\/hpwank.de\/wp-content\/uploads\/2020\/05\/kliff-6.jpg 2008w\" sizes=\"(max-width: 767px) 89vw, (max-width: 1000px) 54vw, (max-width: 1071px) 543px, 580px\" \/><\/figure><\/li><li class=\"blocks-gallery-item\"><figure><img loading=\"lazy\" width=\"829\" height=\"1024\" src=\"http:\/\/hpwank.de\/wp-content\/uploads\/2020\/05\/kliff-3-829x1024.jpg\" alt=\"\" data-id=\"257\" data-full-url=\"http:\/\/hpwank.de\/wp-content\/uploads\/2020\/05\/kliff-3.jpg\" data-link=\"http:\/\/hpwank.de\/?attachment_id=257\" class=\"wp-image-257\" srcset=\"https:\/\/hpwank.de\/wp-content\/uploads\/2020\/05\/kliff-3-829x1024.jpg 829w, https:\/\/hpwank.de\/wp-content\/uploads\/2020\/05\/kliff-3-243x300.jpg 243w, https:\/\/hpwank.de\/wp-content\/uploads\/2020\/05\/kliff-3-768x949.jpg 768w, https:\/\/hpwank.de\/wp-content\/uploads\/2020\/05\/kliff-3-1244x1536.jpg 1244w, https:\/\/hpwank.de\/wp-content\/uploads\/2020\/05\/kliff-3-1658x2048.jpg 1658w, https:\/\/hpwank.de\/wp-content\/uploads\/2020\/05\/kliff-3.jpg 2008w\" sizes=\"(max-width: 767px) 89vw, (max-width: 1000px) 54vw, (max-width: 1071px) 543px, 580px\" \/><\/figure><\/li><\/ul><figcaption class=\"blocks-gallery-caption\"><b>Madonna Mia<\/b> &#8211; Fotoserie, aufgenommen 19 <\/figcaption><\/figure>\n<\/div><\/div>\n\n\n\n<p>Doch nach 1978 wurden Zeichenfeder und Tusche mehr und mehr seine bevorzugten Ausdrucksmittel. In diesen Jahren entstanden Arbeiten auf Zeichenkarton bis zu einer Gr\u00f6\u00dfe von 100 x 150 cm. Aufenthalte in J\u00fctland, Skane und Bohusl\u00e4n pr\u00e4gten die Dingwelt in den Zeichnungen der schon damals von ihm gerne konzeptionell angelegten Themen. Von 1984 an stellte er sich mit mehreren gezeichneten Kalendern vor, erarbeitete Illustrationen und Ausstattungen zu mehreren B\u00fcchern, Gedichtb\u00e4nden und musikalischen Schulwerken. Etwa zur gleichen Zeit erlernte er bei befreundeten K\u00fcnstlern die Technik der Kaltnadel- und \u00c4tzradierung, die es ihm erm\u00f6glichte, seine gezeichneten Ideen in einer als Original geltenden Form mehrfach zu reproduzieren.<br><\/p>\n\n\n\n<div class=\"wp-container-6 wp-block-group\"><div class=\"wp-block-group__inner-container\">\n<div class=\"wp-container-5 wp-block-group\"><div class=\"wp-block-group__inner-container\">\n<div class=\"wp-container-4 wp-block-group\"><div class=\"wp-block-group__inner-container\">\n<div class=\"wp-container-3 wp-block-group\"><div class=\"wp-block-group__inner-container\">\n<div class=\"wp-container-2 wp-block-group\"><div class=\"wp-block-group__inner-container\">\n<figure class=\"wp-block-gallery aligncenter columns-2 is-cropped\"><ul class=\"blocks-gallery-grid\"><li class=\"blocks-gallery-item\"><figure><img src=\"http:\/\/hpwank.de\/wp-content\/uploads\/2020\/05\/Schreckhuhn-1-1021x1024.jpg\" alt=\"\" data-id=\"279\" data-link=\"http:\/\/hpwank.de\/?attachment_id=279\" class=\"wp-image-279\"\/><\/figure><\/li><li class=\"blocks-gallery-item\"><figure><img src=\"http:\/\/hpwank.de\/wp-content\/uploads\/2020\/05\/hofpredigt-1-954x1024.jpg\" alt=\"\" data-id=\"280\" data-link=\"http:\/\/hpwank.de\/?attachment_id=280\" class=\"wp-image-280\"\/><\/figure><\/li><\/ul><figcaption class=\"blocks-gallery-caption\"><strong> <\/strong><em>2 Motive aus der Radiermappe<\/em><strong> <em>Das H\u00fchnerLamento <\/em><\/strong><\/figcaption><\/figure>\n<\/div><\/div>\n<\/div><\/div>\n<\/div><\/div>\n<\/div><\/div>\n<\/div><\/div>\n\n\n\n<p>In der zweiten H\u00e4lfte der 1980er Jahre arbeitete HP Wank am Zeichentisch immer \u00f6fter und intensiver mit Graphit- und Farbstift. Dabei bevorzugte er als Zeichengr\u00fcnde von ihm selbst pr\u00e4parierte, das hei\u00dft mit Pflanzenaufg\u00fcssen eingef\u00e4rbte B\u00fcttenkartons, bedruckte Landkarten, stockfleckige Pappen oder auch schwere Packpapiere mit erheblichen Gebrauchsspuren. Bis heute entstehen seine Zeichnungen auf solchen vorbereiteten Papieren und Pappen. Er nutzt so die bereits vorhandenen Strukturen des Materials und bindet sie in sein zeichnerisches estalten ein. Eine so entstandene Zeichnung hat also in gewisser Hinsicht den Charakter eines objet trouv\u00e9, zumal die dargestellten Dinge fast immer die Attribute der Verg\u00e4nglichkeit im Sinne von Ver\u00e4nderung tragen.<\/p>\n\n\n\n<div class=\"wp-block-image\"><figure class=\"aligncenter size-large is-resized\"><img loading=\"lazy\" src=\"http:\/\/hpwank.de\/wp-content\/uploads\/2020\/05\/Born-to-be-blue-1-1024x747.jpg\" alt=\"\" class=\"wp-image-263\" width=\"701\" height=\"511\" srcset=\"https:\/\/hpwank.de\/wp-content\/uploads\/2020\/05\/Born-to-be-blue-1-1024x747.jpg 1024w, https:\/\/hpwank.de\/wp-content\/uploads\/2020\/05\/Born-to-be-blue-1-300x219.jpg 300w, https:\/\/hpwank.de\/wp-content\/uploads\/2020\/05\/Born-to-be-blue-1-768x560.jpg 768w, https:\/\/hpwank.de\/wp-content\/uploads\/2020\/05\/Born-to-be-blue-1-1536x1120.jpg 1536w, https:\/\/hpwank.de\/wp-content\/uploads\/2020\/05\/Born-to-be-blue-1.jpg 1789w\" sizes=\"(max-width: 701px) 100vw, 701px\" \/><figcaption><strong>Born to be blue <\/strong><\/figcaption><\/figure><\/div>\n\n\n\n<p>In diese Phase intensiven Zeichnens ist auch die Entstehung der thematischen Orientierung zu datieren. Ein Thema sind seitdem Werkzeuge, Werkzeuge sowohl im eigentlichen wie auch im \u00fcbertragenen Sinn. Da sind einerseits die Handwerkszeuge, wie Hammer, Zange, Mei\u00dfel, die vielfache Gebrauchsspuren zeigen, und da sind andererseits die Dinge, die dem Zeichner als Vorlage, als Anschauungsobjekte dienen, also neben den Stiften, Pinseln und Zeichenfedern auch die gefundenen Sachen: Holz- und Astst\u00fccke, verbeulte bedruckte Blechdosen, angeschlagene irdene T\u00f6pfe und Glas- oder Metallflaschen mit vergilbten, zerkratzten und verwaschenen Etiketten.<\/p>\n\n\n\n<div class=\"wp-container-11 wp-block-group\"><div class=\"wp-block-group__inner-container\">\n<div class=\"wp-container-10 wp-block-group\"><div class=\"wp-block-group__inner-container\">\n<div class=\"wp-container-9 wp-block-group\"><div class=\"wp-block-group__inner-container\">\n<div class=\"wp-container-8 wp-block-group\"><div class=\"wp-block-group__inner-container\">\n<div class=\"wp-container-7 wp-block-group\"><div class=\"wp-block-group__inner-container\">\n<figure class=\"wp-block-gallery aligncenter columns-2 is-cropped\"><ul class=\"blocks-gallery-grid\"><li class=\"blocks-gallery-item\"><figure><img loading=\"lazy\" width=\"1676\" height=\"2560\" src=\"http:\/\/hpwank.de\/wp-content\/uploads\/2020\/05\/1Der-1-scaled.jpg\" alt=\"\" data-id=\"289\" data-full-url=\"http:\/\/hpwank.de\/wp-content\/uploads\/2020\/05\/1Der-1-scaled.jpg\" data-link=\"http:\/\/hpwank.de\/?attachment_id=289\" class=\"wp-image-289\" srcset=\"https:\/\/hpwank.de\/wp-content\/uploads\/2020\/05\/1Der-1-scaled.jpg 1676w, https:\/\/hpwank.de\/wp-content\/uploads\/2020\/05\/1Der-1-196x300.jpg 196w, https:\/\/hpwank.de\/wp-content\/uploads\/2020\/05\/1Der-1-1340x2048.jpg 1340w\" sizes=\"(max-width: 767px) 89vw, (max-width: 1000px) 54vw, (max-width: 1071px) 543px, 580px\" \/><\/figure><\/li><li class=\"blocks-gallery-item\"><figure><img loading=\"lazy\" width=\"730\" height=\"1024\" src=\"http:\/\/hpwank.de\/wp-content\/uploads\/2020\/05\/2Mensch-Kopie-2-730x1024.jpg\" alt=\"\" data-id=\"268\" data-link=\"http:\/\/hpwank.de\/?attachment_id=268\" class=\"wp-image-268\" srcset=\"https:\/\/hpwank.de\/wp-content\/uploads\/2020\/05\/2Mensch-Kopie-2-730x1024.jpg 730w, https:\/\/hpwank.de\/wp-content\/uploads\/2020\/05\/2Mensch-Kopie-2-214x300.jpg 214w, https:\/\/hpwank.de\/wp-content\/uploads\/2020\/05\/2Mensch-Kopie-2-768x1077.jpg 768w, https:\/\/hpwank.de\/wp-content\/uploads\/2020\/05\/2Mensch-Kopie-2-1095x1536.jpg 1095w, https:\/\/hpwank.de\/wp-content\/uploads\/2020\/05\/2Mensch-Kopie-2.jpg 1181w\" sizes=\"(max-width: 730px) 100vw, 730px\" \/><\/figure><\/li><\/ul><figcaption class=\"blocks-gallery-caption\"><strong>Der Mensch als Sammler am Beispiel des Gro\u00dfvaters <\/strong>&#8211; Serie<\/figcaption><\/figure>\n<\/div><\/div>\n<\/div><\/div>\n<\/div><\/div>\n<\/div><\/div>\n<\/div><\/div>\n\n\n\n<p>Die Korrespondenz mit befreundeten K\u00fcnstlern war es schlie\u00dflich auch, die ihn zu Beginn der 1990er Jahre zum Arbeiten mit Acrylfarben und -emulsionen, Dispersionen, Spachtelmassen und anderen Materialien wie Sand, Asche, Textilien und Naturfasern  brachte. Als Malgr\u00fcnde dienten meistens Pappen und Faserplatten, die schon Gebrauchsspuren von ihrem Einsatz als Makulaturen trugen, entweder als sch\u00fctzende Unterlage beim Lackieren und Bearbeiten von Radierplatten oder als Spritzschutz auf dem Atelierboden. Durch das \u00dcbermalen dieser auf diese Weise entstandenen Strukturen, von nebeneinander liegenden saugenden und nichtsaugenden, farbtragenden und farblosen Fl\u00e4chen konnte der K\u00fcnstler diesen Zuf\u00e4lligkeiten entgegen arbeiten oder sie in seine Gestaltung mit einbeziehen.<\/p>\n\n\n\n<p>Ab 1994 nutzte HP Wank auch Leinwand zur Umsetzung seiner Bildideen und erschloss sich, im Gegensatz zu den mechanisch heftiger zu bearbeitenden Karton oder Holztafeln, sensiblere Malgr\u00fcnde, die auch den aquarellartigen Auftrag und Wirkung der Farben m\u00f6glich werden lie\u00dfen. Nach der \u201eVorbereitung\u201c der Malgr\u00fcnde bearbeitet der K\u00fcnstler die Tableaus auf der Staffelei, entwirft mit Kohle, R\u00f6tel oder auch Kreide die Komposition, legt<br>Materialien dar\u00fcber, die sehr dynamisch aufeinander oder miteinander reagieren<br>k\u00f6nnen. Saugender Kreidegrund und absperrende Emulsionen, wasserl\u00f6sliche Acrylfarben und fetthaltige Kreiden, Sepia- und Bistertusche, pastose Spachtelmasse und pigmentierte, mit Sand, Asche oder Steinmehl versetzte cremige Dispersionen.<br>Angetrocknete Oberfl\u00e4chen werden vom K\u00fcnstler mechanisch oder mit Hilfe aggressiver L\u00f6sungsmittel wieder aufgerissen, vielleicht durch fl\u00fcssigen \u00dcberzug fixiert um anschlie\u00dfend in verschiedenster Art und Weise wieder deckend oder lasierend \u00fcbermalt zu werden. Das Bildmaterial entwickelt so zwar eine gro\u00dfe Eigendynamik, bleibt f\u00fcr den K\u00fcnstler aber in jedem Zustand beeinflussbar und zu kontrollieren. Auf diese Weise erh\u00e4lt ein Bild nicht selten bis zu zehn, f\u00fcnfzehn Malschichten.<\/p>\n\n\n\n<figure class=\"wp-block-image size-large\"><img loading=\"lazy\" width=\"1024\" height=\"719\" src=\"http:\/\/hpwank.de\/wp-content\/uploads\/2020\/05\/Ganz-sch\u00f6n-zerkratzt-1-1024x719.jpg\" alt=\"\" class=\"wp-image-269\" srcset=\"https:\/\/hpwank.de\/wp-content\/uploads\/2020\/05\/Ganz-sch\u00f6n-zerkratzt-1-1024x719.jpg 1024w, https:\/\/hpwank.de\/wp-content\/uploads\/2020\/05\/Ganz-sch\u00f6n-zerkratzt-1-300x211.jpg 300w, https:\/\/hpwank.de\/wp-content\/uploads\/2020\/05\/Ganz-sch\u00f6n-zerkratzt-1-768x539.jpg 768w, https:\/\/hpwank.de\/wp-content\/uploads\/2020\/05\/Ganz-sch\u00f6n-zerkratzt-1-1536x1078.jpg 1536w, https:\/\/hpwank.de\/wp-content\/uploads\/2020\/05\/Ganz-sch\u00f6n-zerkratzt-1.jpg 1539w\" sizes=\"(max-width: 767px) 89vw, (max-width: 1000px) 54vw, (max-width: 1071px) 543px, 580px\" \/><\/figure>\n\n\n\n<p>Trocknende Pflanzenfasern, ob als welke Bl\u00fctenbl\u00e4tter oder knorriges totes Holz,faulende, verdorrende Fr\u00fcchte oder die vielf\u00e4ltigen Texturen verwitterten Putzes oder zerfressener Steine, korrodierendes Metall als Oberfl\u00e4che von schweren mechanischen Werkzeugen, das sind sozusagen die Arbeitsthemen unter Beachtung ihrer Korrelation untereinander. Dabei geht es dem K\u00fcnstler auch im Besonderen um die Faszination an der chaotischen Zeichen- und Formensprache der Strukturen auf den Objekten.<\/p>\n\n\n\n<div class=\"wp-block-image\"><figure class=\"aligncenter size-large is-resized\"><img loading=\"lazy\" src=\"http:\/\/hpwank.de\/wp-content\/uploads\/2020\/05\/mei\u00dfelquart1.jpg\" alt=\"\" class=\"wp-image-270\" width=\"713\" height=\"417\" srcset=\"https:\/\/hpwank.de\/wp-content\/uploads\/2020\/05\/mei\u00dfelquart1.jpg 1004w, https:\/\/hpwank.de\/wp-content\/uploads\/2020\/05\/mei\u00dfelquart1-300x175.jpg 300w, https:\/\/hpwank.de\/wp-content\/uploads\/2020\/05\/mei\u00dfelquart1-768x449.jpg 768w\" sizes=\"(max-width: 713px) 100vw, 713px\" \/><figcaption>Skizze <strong>Mei\u00dfelquartett <\/strong>&#8211; als Vorlage f\u00fcr 4 Acryltafeln<\/figcaption><\/figure><\/div>\n\n\n\n<p>Aus der beschriebenen Betrachtungsweise entwickelte HP Wank unter dem Titel <strong>Ferramentum<\/strong> eine Ausstellungskonzeption, deren Inhalt die Darstellung und Betrachtung der \u00e4sthetischen Erscheinungsbilder gebrauchter, mechanischer, metallener Werkzeuge ist. Im Rahmen dieser Konzeption hat sich der K\u00fcnstler weitere Gestaltungs- und Arbeitsbereiche erschlossen: die der Skulptur als Zement- und Gipsguss f\u00fcr den Innen- sowie Aussenraum und als Vorarbeit hierzu kleinformatige Aquarelle als Entwurfsskizzen.<br>Seither entstehen seine Arbeiten in zyklischem Wechsel als Malerei in Acryl-Mischtechnik und als Zeichnung mit Graphit- und Farbstift sowie Stahlfeder oder Pinsel mit Sepia, Bister und Aquarell und als Betonskulptur oder Gipsguss.<\/p>\n\n\n\n<figure class=\"wp-block-image size-large\"><img loading=\"lazy\" width=\"1024\" height=\"706\" src=\"http:\/\/hpwank.de\/wp-content\/uploads\/2020\/05\/gicl\u00e9e-sketch_no5-1024x706.jpg\" alt=\"\" class=\"wp-image-272\" srcset=\"https:\/\/hpwank.de\/wp-content\/uploads\/2020\/05\/gicl\u00e9e-sketch_no5-1024x706.jpg 1024w, https:\/\/hpwank.de\/wp-content\/uploads\/2020\/05\/gicl\u00e9e-sketch_no5-300x207.jpg 300w, https:\/\/hpwank.de\/wp-content\/uploads\/2020\/05\/gicl\u00e9e-sketch_no5-768x529.jpg 768w, https:\/\/hpwank.de\/wp-content\/uploads\/2020\/05\/gicl\u00e9e-sketch_no5-1536x1059.jpg 1536w, https:\/\/hpwank.de\/wp-content\/uploads\/2020\/05\/gicl\u00e9e-sketch_no5-2048x1411.jpg 2048w\" sizes=\"(max-width: 767px) 89vw, (max-width: 1000px) 54vw, (max-width: 1071px) 543px, 580px\" \/><figcaption>Aquarellskizze zum Thema <strong>FERRAMENTUM<\/strong><\/figcaption><\/figure>\n\n\n\n<p><\/p>\n","protected":false},"excerpt":{"rendered":"<p>Nach seiner Ausbildung im graphischen Gewerbe von 1969 bis 1972 w\u00e4hlte der K\u00fcnstler, unter dem Einfluss intensiver Besch\u00e4ftigung mit der Schwarz-Wei\u00df-Fotografie an der Kamera und im Labor, zun\u00e4chst den Siebdruck als grafisches Druckverfahren, um seine Vorstellungen einer Bildsprache zu realisieren. Mit einfacher Siebdruck-Ausstattung z.B. stellte er damals Drucke (Postkarten, Plakate f\u00fcr lokale Rockbands) in kleinen &hellip; <\/p>\n<p class=\"link-more\"><a href=\"https:\/\/hpwank.de\/?page_id=88\" class=\"more-link\"><span class=\"screen-reader-text\">\u201eHISTORIE\u201c<\/span> weiterlesen<\/a><\/p>\n","protected":false},"author":1,"featured_media":0,"parent":0,"menu_order":0,"comment_status":"closed","ping_status":"closed","template":"","meta":[],"_links":{"self":[{"href":"https:\/\/hpwank.de\/index.php?rest_route=\/wp\/v2\/pages\/88"}],"collection":[{"href":"https:\/\/hpwank.de\/index.php?rest_route=\/wp\/v2\/pages"}],"about":[{"href":"https:\/\/hpwank.de\/index.php?rest_route=\/wp\/v2\/types\/page"}],"author":[{"embeddable":true,"href":"https:\/\/hpwank.de\/index.php?rest_route=\/wp\/v2\/users\/1"}],"replies":[{"embeddable":true,"href":"https:\/\/hpwank.de\/index.php?rest_route=%2Fwp%2Fv2%2Fcomments&post=88"}],"version-history":[{"count":17,"href":"https:\/\/hpwank.de\/index.php?rest_route=\/wp\/v2\/pages\/88\/revisions"}],"predecessor-version":[{"id":368,"href":"https:\/\/hpwank.de\/index.php?rest_route=\/wp\/v2\/pages\/88\/revisions\/368"}],"wp:attachment":[{"href":"https:\/\/hpwank.de\/index.php?rest_route=%2Fwp%2Fv2%2Fmedia&parent=88"}],"curies":[{"name":"wp","href":"https:\/\/api.w.org\/{rel}","templated":true}]}}